{"id":449,"date":"2018-08-31T22:07:24","date_gmt":"2018-08-31T20:07:24","guid":{"rendered":"http:\/\/www.weilheimer-festspiele.de\/?page_id=449"},"modified":"2026-05-13T10:20:27","modified_gmt":"2026-05-13T08:20:27","slug":"stadttheater-weilheim-i-ob","status":"publish","type":"page","link":"https:\/\/www.weilheimer-festspiele.de\/","title":{"rendered":"Weilheimer Festspiele im Stadttheater Weilheim i.OB"},"content":{"rendered":"<p><span style=\"font-size: 18pt;\">Die Vorstellungen am 15.\/ 16.\/ 17. Mai 2026 sind ausverkauft.<\/span><\/p>\n<p>Der Versuch auf &#8222;gut Gl\u00fcck&#8220; zur\u00fcckgegebene Karten an der Abendkasse zu bekommen, bleibt Ihnen unbenommen. Das Risiko dabei ist Sache des Kunden.<\/p>\n<p>Wir spielen das St\u00fcck noch einmal am 29.\/ 30.\/ 31. Dezember 2026. Wir informieren \u00fcber den Vorverkauf ab Mitte Juni 2026 hier auf dieser Seite.<\/p>\n<p><strong><a href='https:\/\/www.reservix.de\/weilheim-in-oberbayern\/venue\/stadttheater-weilheim\/v32268' class='big-button bigred' target=\"_blank\">Tickets<\/a><\/strong><\/p>\n<p><span style=\"font-size: 18pt;\"><a href=\"https:\/\/www.weilheimer-festspiele.de\/wp-content\/uploads\/2026\/04\/RoesslWebVorwerbung-copy.jpg\"><img loading=\"lazy\" decoding=\"async\" class=\"alignnone size-full wp-image-777\" src=\"https:\/\/www.weilheimer-festspiele.de\/wp-content\/uploads\/2026\/04\/RoesslWebVorwerbung-copy.jpg\" alt=\"\" width=\"1063\" height=\"1476\" srcset=\"https:\/\/www.weilheimer-festspiele.de\/wp-content\/uploads\/2026\/04\/RoesslWebVorwerbung-copy.jpg 1063w, https:\/\/www.weilheimer-festspiele.de\/wp-content\/uploads\/2026\/04\/RoesslWebVorwerbung-copy-980x1361.jpg 980w, https:\/\/www.weilheimer-festspiele.de\/wp-content\/uploads\/2026\/04\/RoesslWebVorwerbung-copy-480x666.jpg 480w\" sizes=\"auto, (min-width: 0px) and (max-width: 480px) 480px, (min-width: 481px) and (max-width: 980px) 980px, (min-width: 981px) 1063px, 100vw\" \/><\/a><\/span><\/p>\n<p><span style=\"font-size: 18pt;\">Tickets f\u00fcr &#8222;Im weissen R\u00f6ssl&#8220; erhalten Sie hier! Bitte Button anlicken.<br \/>\n<\/span><\/p>\n<p><strong><a href='https:\/\/www.reservix.de\/weilheim-in-oberbayern\/venue\/stadttheater-weilheim\/v32268' class='big-button bigred' target=\"_blank\">Tickets<\/a><\/strong><\/p>\n<p>Hinweis: <strong>Personen mit Rollstuhl<\/strong> bitten wir, sich f\u00fcr die Reservierung bei den Weilheimer Festspielen direkt zu melden.\u00a0 <strong>Telefon: 0152 565 703 59<\/strong>.<\/p>\n<p><strong>Preise: 27,00\/ 23,00\/ 15,00 Euro (erm\u00e4\u00dfigt 21,00\/ 16,00\/ 11,00 Euro<\/strong> f\u00fcr Sch\u00fcler, Studierende, Azubis, BFD, Personen mit Nachweis einer Schwerbehinderung).<\/p>\n<p><strong> Es gibt keine Erm\u00e4\u00dfigung f\u00fcr Personen, die Rente beziehen. <\/strong><\/p>\n<p>Der Kartenverkauf findet in Zusammenarbeit mit dem Ticketportal &#8222;reservix&#8220; statt. Veranstaltungsort: Stadttheater Weilheim\u00a0 &#8211; Theaterplatz 1 &#8211; 82362 Weilheim i.OB. Parkhaus direkt gegen\u00fcber dem Theater. \u00d6ffnung Abendkasse eine Stunde vor Vorstellungsbeginn.<strong> An der Abendkasse nur Barzahlung m\u00f6glich.<\/strong><\/p>\n<p><strong>Wir verstehen, dass nicht alle Kunden den Kartenverkauf im Internet nutzen k\u00f6nnen oder wollen. <\/strong>Es gibt bei RESERVIX eine Tickethotline: 0761 888 499 99 (t\u00e4glich von 6 bis 22 Uhr \u2013 Halten Sie Ihre Bankverbindungs- bzw. Kreditkartendaten bereit). Wenn Sie dennoch Schwierigkeiten haben, Karten \u00fcber das Internet zu erwerben, melden Sie sich bitte bei uns.<strong>Telefon: 0152 \u2013 565 703 59<\/strong> (bitte sprechen Sie auf den Anrufbeantworter und nennen Sie Ihren Kartenwunsch, Ihren Namen und eine Telefonnummer, unter der wir Sie erreichen k\u00f6nnen. Wir rufen zur\u00fcck). <strong>Bitte nutzen Sie diesen Weg, wenn Sie nicht \u00fcber RESERVIX buchen k\u00f6nnen und wenn Ihnen Bekannte, Kinder oder Enkel bei der Onlinebuchung nicht helfen k\u00f6nnen.<\/strong><\/p>\n<p>&nbsp;<\/p>\n<p><span style=\"font-size: 24pt;\">Im weissen R\u00f6ssl <\/span><\/p>\n<p>Singspiel in drei Akten frei nach dem Lustspiel von Blumenthal und Kadelburg.<br \/>\nBuch von Hans M\u00fcller und Erik Charell<br \/>\nMusik von Ralph Benatzky<br \/>\nGesangstexte von Robert Gilbert<br \/>\nSechs musikalische Einlagen von Bruno Granichstaedten, Robert Gilbert, Robert Stolz und Hans Frankowski<br \/>\nFassung &#8222;Bar jeder Vernunft&#8220;<br \/>\nVerlag Felix Bloch Erben Berlin<\/p>\n<p><span style=\"font-size: 18pt;\">Fr. 15.05.2026\u00a0 20:00 Uhr<\/span><br \/>\n<span style=\"font-size: 18pt;\">Sa. 16.05.2026 20:00 Uhr<\/span><br \/>\n<span style=\"font-size: 18pt;\">So. 17.05.2026 18:00 Uhr<\/span><\/p>\n<p>&#8222;Im weissen R\u00f6ssl am Wolfgangsee, da steht das Gl\u00fcck vor der T\u00fcr &#8230;&#8220;.<br \/>\nWer kennt ihn nicht, den Schlager aus einem der popul\u00e4rsten Klassiker der Unterhaltungswelt. Bei uns sehen Sie das als Lust- und Singspiel verfasste St\u00fcck in seiner eigentlichen Bestimmung: launig inszeniert, unterhaltsam untermalt von einem feinem Orchester aus dem Graben des Stadttheaters, gespielt und gesungen von einem hervorragenden Ensemble, das vom Weilheimer Chorkreis begleitet wird.<br \/>\nF\u00fcr diejenigen, die das St\u00fcck tats\u00e4chlich nicht kennen: worum geht&#8217;s?<br \/>\nDer Kellner Leopold bem\u00fcht sich um die Gunst der R\u00f6ssl-Wirtin Josepha. Die hat aber ein Auge auf einen Stammgast, den Rechtsanwalt Dr. Siedler, geworfen. Der interessiert sich aber mehr f\u00fcr Ottilie, die mit ihrem Vater Wilhelm Giesecke, Fabrikant f\u00fcr Trikotagen, aus Berlin, angereist ist. Unterdessen trifft Sigismund, der Sohn von Gieseckes Konkurrenten ein. Er soll Frieden zwischen den Firmen stiften. Giesecke hofft, dieses Ansinnen mit einer Verbindung seiner Tochter Ottilie und Sigismund zu bef\u00f6rdern. Dr. Siedler verspricht, sich in diesem Fall zu engagieren, denkt aber nicht daran, Ottilie einem anderen zu \u00fcberlassen. Sigismund bem\u00fcht sich sowieso lieber um die Reisebekanntschaft Kl\u00e4rchen, die Tochter des \u00e4rmlichen Professors Hinzelmann. Nun muss alles geregelt werden.<br \/>\nAber was wird aus Leopolds Traum vom Gl\u00fcck? Schau&#8217;n wir mal. Denn: Im Salzkammergut, da ka&#8217;mer gut lustig sein. Und au\u00dferdem: was kann der Sigismund daf\u00fcr, dass er so sch\u00f6n ist.<\/p>\n<p>Mit Marina Granchette, Christoph Theussl, Uwe Kosubek, Elisabeth Reitzer, Benedikt Linus Bader, Ruben Hagspiel, Timo Alexander Wenzel, Larissa Mariell Hoffmann, Nelson K\u00f6nig dos Reis, Nathalie Seitz<\/p>\n<p>In Zusammenarbeit mit dem Weilheimer Chorkreis (1844) e.V., Musikschule Weilheim, Gymnasium Weilheim. Inszenierung Yvonne Brosch &#8211; Musikalische Leitung: Florian Appel &#8211; Choreinstudierung: Elisabeth Reitzer &#8211; Ausstattung: Andreas Arneth<\/p>\n<p>Veranstalter: Weilheimer Festspiele &#8222;Im weissen R\u00f6ssl&#8220; GbR.<\/p>\n<p>&nbsp;<\/p>\n<p>&nbsp;<\/p>\n<p>&nbsp;<\/p>\n<div>\n<p><strong>\u00a0<\/strong><\/p>\n<p>&nbsp;<\/p>\n<p>&nbsp;<\/p>\n<p>&nbsp;<\/p>\n<\/div>\n<p>&nbsp;<\/p>\n<p>&nbsp;<\/p>\n<p><span style=\"font-size: 24pt;\">\u00a0<\/span><\/p>\n<p>&nbsp;<\/p>\n<p>&nbsp;<\/p>\n<p>&nbsp;<\/p>\n<p>&nbsp;<\/p>\n","protected":false},"excerpt":{"rendered":"<p>Die Vorstellungen am 15.\/ 16.\/ 17. Mai 2026 sind ausverkauft. Der Versuch auf &#8222;gut Gl\u00fcck&#8220; zur\u00fcckgegebene Karten an der Abendkasse zu bekommen, bleibt Ihnen unbenommen. Das Risiko dabei ist Sache des Kunden. Wir spielen das St\u00fcck noch einmal am 29.\/ 30.\/ 31. Dezember 2026. Wir informieren \u00fcber den Vorverkauf ab Mitte Juni 2026 hier auf [&hellip;]<\/p>\n","protected":false},"author":2,"featured_media":0,"parent":0,"menu_order":0,"comment_status":"closed","ping_status":"closed","template":"","meta":{"_et_pb_use_builder":"off","_et_pb_old_content":"","_et_gb_content_width":"","footnotes":""},"class_list":["post-449","page","type-page","status-publish","hentry"],"_links":{"self":[{"href":"https:\/\/www.weilheimer-festspiele.de\/index.php?rest_route=\/wp\/v2\/pages\/449","targetHints":{"allow":["GET"]}}],"collection":[{"href":"https:\/\/www.weilheimer-festspiele.de\/index.php?rest_route=\/wp\/v2\/pages"}],"about":[{"href":"https:\/\/www.weilheimer-festspiele.de\/index.php?rest_route=\/wp\/v2\/types\/page"}],"author":[{"embeddable":true,"href":"https:\/\/www.weilheimer-festspiele.de\/index.php?rest_route=\/wp\/v2\/users\/2"}],"replies":[{"embeddable":true,"href":"https:\/\/www.weilheimer-festspiele.de\/index.php?rest_route=%2Fwp%2Fv2%2Fcomments&post=449"}],"version-history":[{"count":170,"href":"https:\/\/www.weilheimer-festspiele.de\/index.php?rest_route=\/wp\/v2\/pages\/449\/revisions"}],"predecessor-version":[{"id":790,"href":"https:\/\/www.weilheimer-festspiele.de\/index.php?rest_route=\/wp\/v2\/pages\/449\/revisions\/790"}],"wp:attachment":[{"href":"https:\/\/www.weilheimer-festspiele.de\/index.php?rest_route=%2Fwp%2Fv2%2Fmedia&parent=449"}],"curies":[{"name":"wp","href":"https:\/\/api.w.org\/{rel}","templated":true}]}}