{"id":418,"date":"2018-08-31T20:31:13","date_gmt":"2018-08-31T18:31:13","guid":{"rendered":"http:\/\/www.weilheimer-festspiele.de\/?page_id=418"},"modified":"2025-09-06T07:34:25","modified_gmt":"2025-09-06T05:34:25","slug":"schulen","status":"publish","type":"page","link":"https:\/\/www.weilheimer-festspiele.de\/?page_id=418","title":{"rendered":"Schulen"},"content":{"rendered":"<p>Wir bieten Vorstellungen f\u00fcr Schulklassen zu g\u00fcnstigen Konditionen an. Entweder buchen Sie f\u00fcr bestimmte Werktage vormittags oder f\u00fcr eine unserer Abendvorstellungen. Die Eintrittspreise sind f\u00fcr Schulklassen Vormittags und Abends gleich.<\/p>\n<p><span style=\"font-size: 14pt;\"><strong>Bitte melden Sie sich unter Telefon: 0152 56570359<\/strong><\/span><\/p>\n","protected":false},"excerpt":{"rendered":"<p>Wir bieten Vorstellungen f\u00fcr Schulklassen zu g\u00fcnstigen Konditionen an. Entweder buchen Sie f\u00fcr bestimmte Werktage vormittags oder f\u00fcr eine unserer Abendvorstellungen. Die Eintrittspreise sind f\u00fcr Schulklassen Vormittags und Abends gleich. Bitte melden Sie sich unter Telefon: 0152 56570359<\/p>\n","protected":false},"author":2,"featured_media":0,"parent":0,"menu_order":0,"comment_status":"closed","ping_status":"closed","template":"","meta":{"_et_pb_use_builder":"","_et_pb_old_content":"","_et_gb_content_width":"","footnotes":""},"class_list":["post-418","page","type-page","status-publish","hentry"],"_links":{"self":[{"href":"https:\/\/www.weilheimer-festspiele.de\/index.php?rest_route=\/wp\/v2\/pages\/418","targetHints":{"allow":["GET"]}}],"collection":[{"href":"https:\/\/www.weilheimer-festspiele.de\/index.php?rest_route=\/wp\/v2\/pages"}],"about":[{"href":"https:\/\/www.weilheimer-festspiele.de\/index.php?rest_route=\/wp\/v2\/types\/page"}],"author":[{"embeddable":true,"href":"https:\/\/www.weilheimer-festspiele.de\/index.php?rest_route=\/wp\/v2\/users\/2"}],"replies":[{"embeddable":true,"href":"https:\/\/www.weilheimer-festspiele.de\/index.php?rest_route=%2Fwp%2Fv2%2Fcomments&post=418"}],"version-history":[{"count":8,"href":"https:\/\/www.weilheimer-festspiele.de\/index.php?rest_route=\/wp\/v2\/pages\/418\/revisions"}],"predecessor-version":[{"id":742,"href":"https:\/\/www.weilheimer-festspiele.de\/index.php?rest_route=\/wp\/v2\/pages\/418\/revisions\/742"}],"wp:attachment":[{"href":"https:\/\/www.weilheimer-festspiele.de\/index.php?rest_route=%2Fwp%2Fv2%2Fmedia&parent=418"}],"curies":[{"name":"wp","href":"https:\/\/api.w.org\/{rel}","templated":true}]}}