{"id":373,"date":"2018-05-21T13:08:46","date_gmt":"2018-05-21T11:08:46","guid":{"rendered":"http:\/\/www.weilheimer-festspiele.de\/?page_id=373"},"modified":"2018-05-21T16:26:25","modified_gmt":"2018-05-21T14:26:25","slug":"datenschutz","status":"publish","type":"page","link":"https:\/\/www.weilheimer-festspiele.de\/?page_id=373","title":{"rendered":"Datenschutz"},"content":{"rendered":"<p style=\"text-align: justify;\"><span style=\"font-size: 14pt;\"><strong>Datenschutzerkl\u00e4rung<\/strong><\/span><\/p>\n<p style=\"text-align: justify;\"><span style=\"font-size: 12pt;\">Gem\u00e4\u00df Datenschutzverordnung (DSGVO) und Bundesdatenschutzgesetz (BDSG) sind wir verpflichtet, Sie dar\u00fcber zu informieren, welche Sie betreffende Daten in welchem Umfang und zu welchem Zweck von uns erhoben, verwendet oder anderweitig verarbeitet werden. Au\u00dferdem finden Sie dargestellt, welche Rechte Sie im Zusammenhang mit der Verarbeitung Ihrer personenbezogenen Daten haben und wie Sie diese geltend machen k\u00f6nnen.<\/span><\/p>\n<p style=\"text-align: justify;\"><span style=\"font-size: 12pt;\">Der Websitebetreiber nimmt Ihren Datenschutz sehr ernst und behandelt Ihre <\/span><span style=\"font-size: 12pt;\">personenbezogenen Daten vertraulich und entsprechend der gesetzlichen Vorschriften. Da <\/span><span style=\"font-size: 12pt;\">durch neue Technologien und die st\u00e4ndige Weiterentwicklung dieser Webseite \u00c4nderungen <\/span><span style=\"font-size: 12pt;\">an dieser Datenschutzerkl\u00e4rung vorgenommen werden k\u00f6nnen, empfehlen wir Ihnen sich die Datenschutzerkl\u00e4rung in regelm\u00e4\u00dfigen Abst\u00e4nden wieder durchzulesen.<\/span><br \/>\n<span style=\"font-size: 12pt;\">Definitionen der verwendeten Begriffe (z.B. \u201cpersonenbezogene Daten\u201d oder \u201cVerarbeitung\u201d) finden Sie in Art. 4 DSGVO.<\/span><\/p>\n<p>&nbsp;<\/p>\n<p style=\"text-align: justify;\"><strong><span style=\"font-size: 14pt;\">Anbieter und verantwortliche Stelle im Sinne des Datenschutzgesetzes<\/span><\/strong><\/p>\n<p style=\"text-align: justify;\"><span style=\"font-size: 12pt;\">Weilheimer Festspiele GbR<\/span><br \/>\n<span style=\"font-size: 12pt;\">stellvertretend f\u00fcr das Team<\/span><\/p>\n<p style=\"text-align: justify;\"><span style=\"font-size: 12pt;\">Andreas Arneth<\/span><br \/>\n<span style=\"font-size: 12pt;\">Horemansstra\u00dfe 26a<\/span><br \/>\n<span style=\"font-size: 12pt;\">80636 M\u00fcnchen<\/span><br \/>\n<span style=\"font-size: 12pt;\">Tel.: 089 \/ 367909<\/span><\/p>\n<p>&nbsp;<\/p>\n<p><strong><span style=\"font-size: 14pt;\">Verwendung von Daten<\/span><\/strong><\/p>\n<p style=\"text-align: justify;\"><span style=\"font-size: 12pt;\">Unsere Kernt\u00e4tigkeit besteht nicht in der Verarbeitung personenbezogener Daten. Es sind auch nicht mindestens 10 Personen mit der Verarbeitung personenbezogener Daten besch\u00e4ftigt. Somit nimmt kein Datenschutzbeauftragter, sondern die oben genannte Person die Aufgabe als Verantwortlicher f\u00fcr den Datenschutz wahr.<\/span><\/p>\n<p style=\"text-align: justify;\"><span style=\"font-size: 12pt;\">Sie k\u00f6nnen auf unserer Website keinen Newsletter abonnieren oder anfordern. Sie k\u00f6nnen auch keine Kontaktformulare ausf\u00fcllen oder Kommentare abgeben. Wir setzen keine Links ein. Wir platzieren keine Werbung von Drittanbietern. Es gibt auf unserer Website keine Verbindung zu Social-Media-Betreibern (etwa facebook, Youtube, Twitter, o.\u00e4.). Sie k\u00f6nnen \u00fcber unsere Website keine Eintrittskarten oder anderen Produkte bestellen oder erwerben.<\/span><\/p>\n<p style=\"text-align: justify;\"><span style=\"font-size: 12pt;\">Diese Website besuchen Sie, ohne Angaben zu Ihrer Person zu machen. Zur <\/span><span style=\"font-size: 12pt;\">Verbesserung unseres Online-Angebotes speichern wir jedoch (ohne Personenbezug) Ihre <\/span><span style=\"font-size: 12pt;\">Zugriffsdaten auf diese Website. Zu diesen Zugriffsdaten geh\u00f6ren z. B. die von Ihnen <\/span><span style=\"font-size: 12pt;\">angeforderte Datei oder der Name Ihres Internet-Providers. Durch die Anonymisierung der <\/span><span style=\"font-size: 12pt;\">Daten sind R\u00fcckschl\u00fcsse auf Ihre Person nicht m\u00f6glich.<\/span><\/p>\n<p>&nbsp;<\/p>\n<p style=\"text-align: justify;\"><strong><span style=\"font-size: 14pt;\">Zugriffsdaten<\/span><\/strong><\/p>\n<p style=\"text-align: justify;\"><span style=\"font-size: 12pt;\">Wir, der Websitebetreiber bzw. Seitenprovider, erheben aufgrund unseres berechtigten <\/span><span style=\"font-size: 12pt;\">Interesses<\/span><span style=\"font-size: 12pt;\"> (s. Art. 6 Abs. 1 lit. f. DSGVO) Daten \u00fcber Zugriffe auf die Website und speichern <\/span><span style=\"font-size: 12pt;\">diese als \u201eServer-Logfiles\u201c auf dem Server der Website ab. Folgende Daten werden so <\/span><span style=\"font-size: 12pt;\">protokolliert:<\/span><\/p>\n<p style=\"text-align: justify;\"><span style=\"font-size: 12pt;\">&#8211; Besuchte Website<\/span><br \/>\n<span style=\"font-size: 12pt;\">&#8211; Uhrzeit zum Zeitpunkt des Zugriffes<\/span><br \/>\n<span style=\"font-size: 12pt;\">&#8211; Menge der gesendeten Daten in Byte<\/span><br \/>\n<span style=\"font-size: 12pt;\">&#8211; Quelle\/Verweis, von welchem Sie auf die Seite gelangten<\/span><br \/>\n<span style=\"font-size: 12pt;\">&#8211; Verwendeter Browser<\/span><br \/>\n<span style=\"font-size: 12pt;\">&#8211; Verwendetes Betriebssystem<\/span><br \/>\n<span style=\"font-size: 12pt;\">&#8211; Verwendete IP-Adresse<\/span><\/p>\n<p style=\"text-align: justify;\"><span style=\"font-size: 12pt;\">Die vor\u00fcbergehende Speicherung dieser Daten durch das System ist technisch notwendig, um Ihnen die Inhalte unserer Website auf Ihren Rechner \u00fcbertragen und darstellen zu k\u00f6nnen. Hierf\u00fcr muss Ihre IP-Adresse f\u00fcr die Dauer der Sitzung erfasst werden.<\/span><br \/>\n<span style=\"font-size: 12pt;\">In diesen Zwecken liegt unser berechtigtes Interesse an der Datenverarbeitung (gem\u00e4\u00df Art. 6 Abs.1 lit. f DSGVO).<\/span><\/p>\n<p style=\"text-align: justify;\"><span style=\"font-size: 12pt;\">Die Server-Logfiles werden f\u00fcr maximal 7 Tage gespeichert und anschlie\u00dfend gel\u00f6scht. Die <\/span><span style=\"font-size: 12pt;\">Speicherung der Daten erfolgt aus Sicherheitsgr\u00fcnden, um z. B. Missbrauchsf\u00e4lle aufkl\u00e4ren <\/span><span style=\"font-size: 12pt;\">zu k\u00f6nnen. M\u00fcssen Daten aus Beweisgr\u00fcnden aufgehoben werden, sind sie solange von der <\/span><span style=\"font-size: 12pt;\">L\u00f6schung ausgenommen bis der Vorfall endg\u00fcltig gekl\u00e4rt ist.<\/span><\/p>\n<p style=\"text-align: justify;\"><span style=\"font-size: 12pt;\">Die Daten werden nur in anonymisierter Form, d.h. mit anonymisierter IP-Adresse und nicht zusammen mit anderen personenbezogenen Daten in sogenannten Logfiles gespeichert.<\/span><\/p>\n<p>&nbsp;<\/p>\n<p style=\"text-align: justify;\"><strong><span style=\"font-size: 14pt;\">Cookies<\/span><\/strong><\/p>\n<p style=\"text-align: justify;\"><span style=\"font-size: 12pt;\">Diese Website verwendet m\u00f6glicherweise Cookies . Bei Cookies handelt es sich um kleine Dateien, welche auf Ihrem Endger\u00e4t gespeichert werden. Ihr Browser greift auf diese Dateien zu. Durch den Einsatz von Cookies erh\u00f6ht sich die Benutzerfreundlichkeit und Sicherheit dieser Website.<\/span><br \/>\n<span style=\"font-size: 12pt;\">Sie haben die M\u00f6glichkeit, die Speicherung von Cookies auf Ihrem Ger\u00e4t zu verhindern, indem Sie in Ihrem Browser entsprechende Einstellungen vornehmen. G\u00e4ngige Browser bieten die Einstellungsoption, Cookies nicht zuzulassen.<\/span><\/p>\n<p style=\"text-align: justify;\"><span style=\"font-size: 12pt;\"> Hinweis: Es ist <\/span><span style=\"font-size: 12pt;\">nicht gew\u00e4hrleistet, dass Sie auf alle Funktionen dieser Website ohne Einschr\u00e4nkungen <\/span><span style=\"font-size: 12pt;\">zugreifen k\u00f6nnen, wenn Sie entsprechende Einstellungen vornehmen.<\/span><\/p>\n<p>&nbsp;<\/p>\n<p style=\"text-align: justify;\"><span style=\"font-size: 14pt;\"><strong>Rechte des Nutzers<\/strong><\/span><\/p>\n<p style=\"text-align: justify;\"><span style=\"font-size: 12pt;\">Sie haben als Nutzer das Recht, auf Antrag eine kostenlose Auskunft dar\u00fcber zu erhalten, <\/span><span style=\"font-size: 12pt;\">welche personenbezogenen Daten \u00fcber Sie gespeichert wurden. Sie haben au\u00dferdem das <\/span><span style=\"font-size: 12pt;\">Recht auf Berichtigung falscher Daten und auf die Verarbeitungseinschr\u00e4nkung oder <\/span><span style=\"font-size: 12pt;\">L\u00f6schung Ihrer personenbezogenen Daten. Falls zutreffend, k\u00f6nnen Sie auch Ihr Recht auf <\/span><span style=\"font-size: 12pt;\">Datenportabilit\u00e4t geltend machen. Sollten Sie annehmen, dass Ihre Daten unrechtm\u00e4\u00dfig <\/span><span style=\"font-size: 12pt;\">verarbeitet wurden, k\u00f6nnen Sie eine Beschwerde bei der zust\u00e4ndigen Aufsichtsbeh\u00f6rde <\/span><span style=\"font-size: 12pt;\">einreichen.<\/span><\/p>\n<p style=\"text-align: justify;\"><strong><span style=\"font-size: 12pt;\">L\u00f6schung von Daten<\/span><\/strong><\/p>\n<p style=\"text-align: justify;\"><span style=\"font-size: 12pt;\">Sofern Ihr Wunsch nicht mit einer gesetzlichen Pflicht zur Aufbewahrung von Daten (z. B. <\/span><span style=\"font-size: 12pt;\">Vorratsdatenspeicherung) kollidiert, haben Sie ein Anrecht auf L\u00f6schung Ihrer Daten. Von <\/span><span style=\"font-size: 12pt;\">uns gespeicherte Daten werden, sollten sie f\u00fcr ihre Zweckbestimmung nicht mehr vonn\u00f6ten <\/span><span style=\"font-size: 12pt;\">sein und es keine gesetzlichen Aufbewahrungsfristen geben, gel\u00f6scht. Falls eine L\u00f6schung <\/span><span style=\"font-size: 12pt;\">nicht durchgef\u00fchrt werden kann, da die Daten f\u00fcr zul\u00e4ssige gesetzliche Zwecke erforderlich <\/span><span style=\"font-size: 12pt;\">sind, erfolgt eine Einschr\u00e4nkung der Datenverarbeitung. In diesem Fall werden die Daten <\/span><span style=\"font-size: 12pt;\">gesperrt und nicht f\u00fcr andere Zwecke verarbeitet.<\/span><\/p>\n<p style=\"text-align: justify;\"><strong><span style=\"font-size: 12pt;\">Widerspruchsrecht<\/span><\/strong><\/p>\n<p style=\"text-align: justify;\"><span style=\"font-size: 12pt;\">Nutzer dieser Webseite k\u00f6nnen von ihrem Widerspruchsrecht Gebrauch machen und der <\/span><span style=\"font-size: 12pt;\">Verarbeitung ihrer personenbezogenen Daten zu jeder Zeit widersprechen.<\/span><\/p>\n<p style=\"text-align: justify;\"><span style=\"font-size: 12pt;\">Wenn Sie eine Berichtigung, Sperrung, L\u00f6schung oder Auskunft \u00fcber die zu Ihrer Person <\/span><span style=\"font-size: 12pt;\">gespeicherten personenbezogenen Daten w\u00fcnschen oder Fragen bzgl. der Erhebung, <\/span><span style=\"font-size: 12pt;\">Verarbeitung oder Verwendung Ihrer personenbezogenen Daten haben oder erteilte <\/span><span style=\"font-size: 12pt;\">Einwilligungen widerrufen m\u00f6chten, wenden Sie sich bitte an oben genannte Adresse.<\/span><\/p>\n","protected":false},"excerpt":{"rendered":"<p>Datenschutzerkl\u00e4rung Gem\u00e4\u00df Datenschutzverordnung (DSGVO) und Bundesdatenschutzgesetz (BDSG) sind wir verpflichtet, Sie dar\u00fcber zu informieren, welche Sie betreffende Daten in welchem Umfang und zu welchem Zweck von uns erhoben, verwendet oder anderweitig verarbeitet werden. Au\u00dferdem finden Sie dargestellt, welche Rechte Sie im Zusammenhang mit der Verarbeitung Ihrer personenbezogenen Daten haben und wie Sie diese geltend machen [&hellip;]<\/p>\n","protected":false},"author":2,"featured_media":0,"parent":0,"menu_order":0,"comment_status":"closed","ping_status":"closed","template":"","meta":{"_et_pb_use_builder":"","_et_pb_old_content":"","_et_gb_content_width":"","footnotes":""},"class_list":["post-373","page","type-page","status-publish","hentry"],"_links":{"self":[{"href":"https:\/\/www.weilheimer-festspiele.de\/index.php?rest_route=\/wp\/v2\/pages\/373","targetHints":{"allow":["GET"]}}],"collection":[{"href":"https:\/\/www.weilheimer-festspiele.de\/index.php?rest_route=\/wp\/v2\/pages"}],"about":[{"href":"https:\/\/www.weilheimer-festspiele.de\/index.php?rest_route=\/wp\/v2\/types\/page"}],"author":[{"embeddable":true,"href":"https:\/\/www.weilheimer-festspiele.de\/index.php?rest_route=\/wp\/v2\/users\/2"}],"replies":[{"embeddable":true,"href":"https:\/\/www.weilheimer-festspiele.de\/index.php?rest_route=%2Fwp%2Fv2%2Fcomments&post=373"}],"version-history":[{"count":4,"href":"https:\/\/www.weilheimer-festspiele.de\/index.php?rest_route=\/wp\/v2\/pages\/373\/revisions"}],"predecessor-version":[{"id":382,"href":"https:\/\/www.weilheimer-festspiele.de\/index.php?rest_route=\/wp\/v2\/pages\/373\/revisions\/382"}],"wp:attachment":[{"href":"https:\/\/www.weilheimer-festspiele.de\/index.php?rest_route=%2Fwp%2Fv2%2Fmedia&parent=373"}],"curies":[{"name":"wp","href":"https:\/\/api.w.org\/{rel}","templated":true}]}}