{"id":36,"date":"2014-09-04T17:59:10","date_gmt":"2014-09-04T15:59:10","guid":{"rendered":"http:\/\/www.weilheimer-festspiele.de\/?page_id=36"},"modified":"2026-05-13T10:22:06","modified_gmt":"2026-05-13T08:22:06","slug":"karten","status":"publish","type":"page","link":"https:\/\/www.weilheimer-festspiele.de\/?page_id=36","title":{"rendered":"Kartenvorverkauf (mit Hinweisen zu Rollstuhlpl\u00e4tzen)"},"content":{"rendered":"<p>&nbsp;<\/p>\n<p>&nbsp;<\/p>\n<p><span style=\"font-size: 14pt;\">Hinweise zu Rollstuhlpl\u00e4tzen siehe unten.<\/span><\/p>\n<p>Die Vorstellungen am 15.\/ 16.\/ 17. Mai 2026 sind ausverkauft.<\/p>\n<p>Der Versuch auf \u201egut Gl\u00fcck\u201c zur\u00fcckgegebene Karten an der Abendkasse zu bekommen, bleibt Ihnen unbenommen. Das Risiko dabei ist Sache des Kunden.<\/p>\n<p>Wir spielen das St\u00fcck noch einmal am 29.\/ 30.\/ 31. Dezember 2026. Wir informieren \u00fcber den Vorverkauf ab Mitte Juni 2026 hier auf dieser Seite.<\/p>\n<p><strong><a href='https:\/\/www.reservix.de\/weilheim-in-oberbayern\/venue\/stadttheater-weilheim\/v32268' class='big-button bigred' target=\"_blank\">Tickets<\/a><\/strong><\/p>\n<p><span style=\"font-size: 14pt;\"><strong>Wir verstehen, dass nicht alle Kunden den Kartenverkauf im Internet nutzen k\u00f6nnen oder wollen.<\/strong><\/span><\/p>\n<p>Es gibt bei RESERVIX eine Tickethotline: 0761 888 499 99 (t\u00e4glich von 6 bis 22 Uhr \u2013 Halten Sie Ihre Bankverbindungs- bzw. Kreditkartendaten bereit.)<\/p>\n<p>Wenn Sie dennoch Schwierigkeiten haben, Karten \u00fcber das Internet zu erwerben, melden Sie sich bitte bei uns.<strong>Telefon: 0152 \u2013 565 703 59<\/strong> (bitte sprechen Sie auf den Anrufbeantworter und nennen Sie Ihren Kartenwunsch, Ihren Namen und eine Telefonnummer, unter der wir Sie erreichen k\u00f6nnen. Wir rufen zur\u00fcck). <strong>Bitte nutzen Sie diesen Weg, wenn Sie nicht \u00fcber RESERVIX buchen k\u00f6nnen und wenn Ihnen Bekannte, Kinder oder Enkel bei der Onlinebuchung nicht helfen k\u00f6nnen.<br \/>\n<\/strong><\/p>\n<p><span style=\"font-size: 14pt;\"><strong>Rollstuhlpl\u00e4tze<\/strong><\/span><\/p>\n<p><span style=\"font-size: 14pt;\">Wenn Sie einen<strong> Rollstuhlplatz<\/strong> ben\u00f6tigen, erhalten Sie die Tickets nur direkt \u00fcber uns: <\/span><span style=\"font-size: 14pt;\"><strong>Telefon: 0152 \u2013 565 703 59<\/strong> (Anrufbeantworter).<\/span><\/p>\n<p><strong>Preise: 27,00\/ 23,00\/ 15,00 Euro (erm\u00e4\u00dfigt 21,00\/ 16,00\/ 11,00 Euro<\/strong> f\u00fcr Sch\u00fcler, Studierende, Azubis, Bufdis (BFD), Personen mit Nachweis einer Schwerbehinderung.<\/p>\n<p><strong>Es gibt keine Erm\u00e4\u00dfigung f\u00fcr Personen, die Rente beziehen<\/strong>.<\/p>\n<p>Der Kartenverkauf findet in Zusammenarbeit mit dem Ticketportal &#8222;reservix&#8220; statt. Veranstaltungsort: Stadttheater Weilheim\u00a0 &#8211; Theaterplatz 1 &#8211; 82362 Weilheim i.OB. Parkhaus direkt gegen\u00fcber dem Theater. \u00d6ffnung Abendkasse eine Stunde vor Vorstellungsbeginn.<strong> An der Abendkasse nur Barzahlung m\u00f6glich.<\/strong><\/p>\n<p><span style=\"font-size: 24pt; color: #000000;\"><span style=\"font-size: 36pt;\"><strong><span style=\"font-size: 14pt;\">\u00a0<\/span><\/strong><\/span><\/span><\/p>\n<p>&nbsp;<\/p>\n<h4><\/h4>\n<h4><\/h4>\n<p>&nbsp;<\/p>\n<p>&nbsp;<\/p>\n<h4><\/h4>\n<p>&nbsp;<\/p>\n<p>&nbsp;<\/p>\n<p>&nbsp;<\/p>\n<p>&nbsp;<\/p>\n<h4><\/h4>\n<p>&nbsp;<\/p>\n<p>&nbsp;<\/p>\n<p>&nbsp;<\/p>\n<p>&nbsp;<\/p>\n","protected":false},"excerpt":{"rendered":"<p>&nbsp; &nbsp; Hinweise zu Rollstuhlpl\u00e4tzen siehe unten. Die Vorstellungen am 15.\/ 16.\/ 17. Mai 2026 sind ausverkauft. Der Versuch auf \u201egut Gl\u00fcck\u201c zur\u00fcckgegebene Karten an der Abendkasse zu bekommen, bleibt Ihnen unbenommen. Das Risiko dabei ist Sache des Kunden. Wir spielen das St\u00fcck noch einmal am 29.\/ 30.\/ 31. Dezember 2026. Wir informieren \u00fcber den [&hellip;]<\/p>\n","protected":false},"author":1,"featured_media":0,"parent":0,"menu_order":0,"comment_status":"closed","ping_status":"closed","template":"","meta":{"_et_pb_use_builder":"","_et_pb_old_content":"","_et_gb_content_width":"","footnotes":""},"class_list":["post-36","page","type-page","status-publish","hentry"],"_links":{"self":[{"href":"https:\/\/www.weilheimer-festspiele.de\/index.php?rest_route=\/wp\/v2\/pages\/36","targetHints":{"allow":["GET"]}}],"collection":[{"href":"https:\/\/www.weilheimer-festspiele.de\/index.php?rest_route=\/wp\/v2\/pages"}],"about":[{"href":"https:\/\/www.weilheimer-festspiele.de\/index.php?rest_route=\/wp\/v2\/types\/page"}],"author":[{"embeddable":true,"href":"https:\/\/www.weilheimer-festspiele.de\/index.php?rest_route=\/wp\/v2\/users\/1"}],"replies":[{"embeddable":true,"href":"https:\/\/www.weilheimer-festspiele.de\/index.php?rest_route=%2Fwp%2Fv2%2Fcomments&post=36"}],"version-history":[{"count":97,"href":"https:\/\/www.weilheimer-festspiele.de\/index.php?rest_route=\/wp\/v2\/pages\/36\/revisions"}],"predecessor-version":[{"id":791,"href":"https:\/\/www.weilheimer-festspiele.de\/index.php?rest_route=\/wp\/v2\/pages\/36\/revisions\/791"}],"wp:attachment":[{"href":"https:\/\/www.weilheimer-festspiele.de\/index.php?rest_route=%2Fwp%2Fv2%2Fmedia&parent=36"}],"curies":[{"name":"wp","href":"https:\/\/api.w.org\/{rel}","templated":true}]}}